{"id":26,"date":"2025-04-16T10:28:52","date_gmt":"2025-04-16T07:28:52","guid":{"rendered":"http:\/\/195.251.95.18\/triblab\/?page_id=26"},"modified":"2025-05-13T18:51:59","modified_gmt":"2025-05-13T15:51:59","slug":"equipment","status":"publish","type":"page","link":"http:\/\/triblab.mech.uniwa.gr\/triblab\/en\/equipment\/","title":{"rendered":"Laboratory Equipment"},"content":{"rendered":"<div class=\"wp-block-spacer\" style=\"height: 20px;\" aria-hidden=\"true\">\u00a0<\/div>\n\n\n\n<h3 class=\"wp-block-heading has-text-align-left\" style=\"text-align: justify;\"><strong>The laboratory Equipment includes modern machines and software that can be categorized as follows:<\/strong><\/h3>\n\n\n\n<div class=\"wp-block-spacer\" style=\"height: 15px;\" aria-hidden=\"true\">\u00a0<\/div>\n\n\n\n<h3 class=\"wp-block-heading\"><strong>i. Equipment for the tribological properties (friction and wear) evaluation of materials, under a wide range of test conditions<\/strong><\/h3>\n\n\n\n<div class=\"wp-block-spacer\" style=\"height: 15px;\" aria-hidden=\"true\">\u00a0<\/div>\n\n\n\n<h3 class=\"wp-block-heading\"><span style=\"color: #0a5794;\">Ball\/Pin-on-Disk CSM Tribometer<\/span><\/h3>\n\n\n\n<div class=\"wp-block-media-text is-stacked-on-mobile\" style=\"grid-template-columns:15% auto\"><figure class=\"wp-block-media-text__media\"><img loading=\"lazy\" decoding=\"async\" width=\"288\" height=\"215\" src=\"http:\/\/195.251.95.18\/triblab\/wp-content\/uploads\/2025\/04\/csm_tribometer.png\" alt=\"\" class=\"wp-image-200 size-full\"\/><\/figure><div class=\"wp-block-media-text__content\">\n<p>Normal Load: 1 to 10 N<br>Friction: 10 N max.<br>Disk Speed: 600 rpm max.<br>Linear Speed: 100 mm\/s max.<br>Stroke length: 60 mm max.<\/p>\n<\/div><\/div>\n\n\n\n<div class=\"wp-block-spacer\" style=\"height: 40px;\" aria-hidden=\"true\">\u00a0<\/div>\n\n\n\n<h3 class=\"wp-block-heading\"><span style=\"color: #0a5794;\">Hielscher UIP1000hdT Ultrasonic Device-Cavitation Erosion Tester<\/span><\/h3>\n\n\n\n<div class=\"wp-block-media-text is-stacked-on-mobile\" style=\"grid-template-columns:15% auto\"><figure class=\"wp-block-media-text__media\"><img loading=\"lazy\" decoding=\"async\" width=\"278\" height=\"278\" src=\"http:\/\/195.251.95.18\/triblab\/wp-content\/uploads\/2025\/04\/hielscher_ultrasonic.png\" alt=\"\" class=\"wp-image-502 size-full\"\/><\/figure><div class=\"wp-block-media-text__content\">\n<p><span style=\"color: #000000;\">Ultrasound Power: 1 kW<\/span> max.<br><span style=\"color: #000000;\">Frequency: 20 kHz<\/span><br><span style=\"color: #000000;\">Amplitude: 25 \u03bcm max.<\/span><br><span style=\"color: #000000;\">Sonotrode\/Horn Tip Size: \u00d8<\/span> <span style=\"color: #000000;\">34 mm max.<\/span><br><span style=\"color: #000000;\">Sonotrode\/Horn Tip Material: Titanium<\/span><\/p>\n<\/div><\/div>\n\n\n\n<div class=\"wp-block-spacer\" style=\"height: 40px;\" aria-hidden=\"true\">\u00a0<\/div>\n\n\n\n<h3 class=\"wp-block-heading\"><span style=\"color: #0a5794;\">Dry Sand\/Rubber Wheel Abrasive Test Rig<\/span><\/h3>\n\n\n\n<div class=\"wp-block-media-text is-stacked-on-mobile\" style=\"grid-template-columns:15% auto\"><figure class=\"wp-block-media-text__media\"><img loading=\"lazy\" decoding=\"async\" width=\"314\" height=\"315\" src=\"http:\/\/195.251.95.18\/triblab\/wp-content\/uploads\/2025\/04\/rubber_wheel_tribometer.png\" alt=\"\" class=\"wp-image-549 size-full\"\/><\/figure><div class=\"wp-block-media-text__content\">\n<p>Wheel Speed: Variable\/Selectable 200 rpm max.<br>Motor Drive Power: 0.7 kW<br>Central Applied Force : 130 N max.<br>Sand Flow: 300 to 400 gr\/min<br>Wheel Revolution Counter: Yes (digital)<\/p>\n<\/div><\/div>\n\n\n\n<div class=\"wp-block-spacer\" style=\"height: 40px;\" aria-hidden=\"true\">\u00a0<\/div>\n\n\n\n<h3 class=\"wp-block-heading\"><span style=\"color: #0a5794;\">Falex Four-Ball Extreme Pressure (EP) Test Machine<\/span><\/h3>\n\n\n\n<div class=\"wp-block-media-text is-stacked-on-mobile\" style=\"grid-template-columns:15% auto\"><figure class=\"wp-block-media-text__media\"><img loading=\"lazy\" decoding=\"async\" width=\"307\" height=\"259\" src=\"http:\/\/195.251.95.18\/triblab\/wp-content\/uploads\/2025\/04\/4ball_machine.png\" alt=\"\" class=\"wp-image-548 size-full\"\/><\/figure><div class=\"wp-block-media-text__content\">\n<p>Speed: Variable\/Selectable 300 to 3000 rpm<br>Normal Load: Variable\/Selectable 0.1 to 10 kN<br>Friction Force: 0 to 200 N<br>Friction Torque: 0 to 16 Nm<br>Temperature: Up to 90 deg C<\/p>\n<\/div><\/div>\n\n\n\n<div class=\"wp-block-spacer\" style=\"height: 40px;\" aria-hidden=\"true\">\u00a0<\/div>\n\n\n\n<h3 class=\"wp-block-heading\"><strong>ii. Equipment for metalography sampling preparation<\/strong><\/h3>\n\n\n\n<div class=\"wp-block-spacer\" style=\"height: 15px;\" aria-hidden=\"true\">\u00a0<\/div>\n\n\n\n<h3 class=\"wp-block-heading\"><span style=\"color: #0a5794;\">QATM QCUT 200A Sectioning (Cut-Off) Machine <strong><span style=\"color: #f0721f;\">EU-Funded<\/span><\/strong><br><\/span><\/h3>\n\n\n\n<div class=\"wp-block-media-text is-stacked-on-mobile\" style=\"grid-template-columns:15% auto\"><figure class=\"wp-block-media-text__media\"><img loading=\"lazy\" decoding=\"async\" width=\"170\" height=\"170\" src=\"http:\/\/195.251.95.18\/triblab\/wp-content\/uploads\/2025\/04\/sectioning.png\" alt=\"\" class=\"wp-image-705 size-full\"\/><\/figure><div class=\"wp-block-media-text__content\">\n<p>Cut-Off Disk Size: Up to \u00d8 203 mm<br>Cutting Capacity: 75 mm (cut-off disk \u00d8 200 mm) max.<br>Disk Flange Size: \u00d8 12,7 mm (0.5 in)<br>Feedrate: 0.01 to 20 mm\/s <br>Cut-Off Disk Speed: 300 to 5000 rpm<\/p>\n<\/div><\/div>\n\n\n\n<div class=\"wp-block-spacer\" style=\"height: 40px;\" aria-hidden=\"true\">\u00a0<\/div>\n\n\n\n<h3 class=\"wp-block-heading\"><span style=\"color: #0a5794;\">QATM QPRESS 40 Hot Mounting Press <strong><span style=\"color: #f0721f;\">EU-Funded<\/span><\/strong> <br><\/span><\/h3>\n\n\n\n<div class=\"wp-block-media-text is-stacked-on-mobile\" style=\"grid-template-columns:15% auto\"><figure class=\"wp-block-media-text__media\"><img loading=\"lazy\" decoding=\"async\" width=\"470\" height=\"470\" src=\"http:\/\/195.251.95.18\/triblab\/wp-content\/uploads\/2025\/04\/press.png\" alt=\"\" class=\"wp-image-710 size-full\"\/><\/figure><div class=\"wp-block-media-text__content\">\n<p>Temperature Control: Heating\/Cooling Technology<br>Moulds Sizes: Interchangeable \u00d8 25 mm, \u00d8 30 mm, \u00d8 40 mm<br>Temperature: Adjustable 20 to 200 deg C<br>Mould Cylinder Pressure: For \u00d8 40 mm, 250 bar max.<br>Mould Cylinder Pressure: For &lt;\u00d8 40 mm, 350 bar max.<\/p>\n<\/div><\/div>\n\n\n\n<div class=\"wp-block-spacer\" style=\"height: 40px;\" aria-hidden=\"true\">\u00a0<\/div>\n\n\n\n<h3 class=\"wp-block-heading\"><span style=\"color: #0a5794;\">QATM QPOL 250 A1 Grinding &amp; Polishing Machine <strong><span style=\"color: #f0721f;\">EU-Funded<\/span><\/strong><br><\/span><\/h3>\n\n\n\n<div class=\"wp-block-media-text is-stacked-on-mobile\" style=\"grid-template-columns:15% auto\"><figure class=\"wp-block-media-text__media\"><img loading=\"lazy\" decoding=\"async\" width=\"225\" height=\"225\" src=\"http:\/\/195.251.95.18\/triblab\/wp-content\/uploads\/2025\/04\/polishing.png\" alt=\"\" class=\"wp-image-715 size-full\"\/><\/figure><div class=\"wp-block-media-text__content\">\n<p>Single Pressing Force: Variable\/Selectable 5 to 80 N<br>Central Pressing Force: Variable\/Selectable 20 to 350 N<br>Working Wheels Size: \u00d8 200\/250 mm<br>Speed: 30 to 600 rpm (grinder), 30 to 160 rpm (head)<br>No. of Samples: 1 to 6 samples \u00d8 40 (single pressure)<\/p>\n<\/div><\/div>\n\n\n\n<div class=\"wp-block-spacer\" style=\"height: 40px;\" aria-hidden=\"true\">\u00a0<\/div>\n\n\n\n<h3 class=\"wp-block-heading\"><strong>iii. Surface evaluation properties (hardness and topography) equipment<\/strong><\/h3>\n\n\n\n<div class=\"wp-block-spacer\" style=\"height: 15px;\" aria-hidden=\"true\">\u00a0<\/div>\n\n\n\n<h3 class=\"wp-block-heading\"><span style=\"color: #0a5794;\">QATM QNESS 10M Micro Hardness Tester <strong><span style=\"color: #f0721f;\">EU-Funded<\/span><\/strong><br><\/span><\/h3>\n\n\n\n<div class=\"wp-block-media-text is-stacked-on-mobile\" style=\"grid-template-columns:15% auto\"><figure class=\"wp-block-media-text__media\"><img loading=\"lazy\" decoding=\"async\" width=\"425\" height=\"425\" src=\"http:\/\/195.251.95.18\/triblab\/wp-content\/uploads\/2025\/04\/hardVick.png\" alt=\"\" class=\"wp-image-720 size-full\"\/><\/figure><div class=\"wp-block-media-text__content\">\n<p>Hardness Test Methods: Vickers, Knoop, Brinell, Rockwell<br>Test Force Range: 20 gr to 10 kg (0.196 to 98.07 N)<br>Microscopy Features: Qpix Control2 M Software<br>Camera System: 5 Mpixel CMOS chip<br>Z axis: Controlled Automatic<\/p>\n<\/div><\/div>\n\n\n\n<div class=\"wp-block-spacer\" style=\"height: 40px;\" aria-hidden=\"true\">\u00a0<\/div>\n\n\n\n<h3 class=\"wp-block-heading\"><span style=\"color: #0a5794;\">Taylor Hobson Surtronic 3+ Surface Profilometer<\/span><\/h3>\n\n\n\n<div class=\"wp-block-media-text is-stacked-on-mobile\" style=\"grid-template-columns:15% auto\"><figure class=\"wp-block-media-text__media\"><img loading=\"lazy\" decoding=\"async\" width=\"340\" height=\"340\" src=\"http:\/\/195.251.95.18\/triblab\/wp-content\/uploads\/2025\/04\/profilometer.png\" alt=\"\" class=\"wp-image-675 size-full\"\/><\/figure><div class=\"wp-block-media-text__content\">\n<p>Driving Length: 25.4 mm (1.0 in) max.<br>Selectable Cut-off Values: 0.25, 0.8, 1.25, 2.5, 4.0, 8.0, 12.5, 25.0 mm<br>Selectable Range: 10, 100, 500 \u03bcm<br>Resolution: 1.0 \u03bcm (horizontal), 10 nm (vertical)<br>PC Connected\/Software: Yes (Talyprofile)<\/p>\n<\/div><\/div>\n\n\n\n<div class=\"wp-block-spacer\" style=\"height: 40px;\" aria-hidden=\"true\">\u00a0<\/div>\n\n\n\n<h3 class=\"wp-block-heading\"><span style=\"color: #0a5794;\">Beijing Time 3230 Surface Profilometer<\/span><\/h3>\n\n\n\n<div class=\"wp-block-media-text is-stacked-on-mobile\" style=\"grid-template-columns:15% auto\"><figure class=\"wp-block-media-text__media\"><img loading=\"lazy\" decoding=\"async\" width=\"235\" height=\"235\" src=\"http:\/\/195.251.95.18\/triblab\/wp-content\/uploads\/2025\/04\/roughness-_tester.png\" alt=\"\" class=\"wp-image-809 size-full\"\/><\/figure><div class=\"wp-block-media-text__content\">\n<p>Driving Length: 40 max.<br>Selectable Cut-off Values: 0.08, 0.25, 0.8, 2.5, 8.0 mm<br>Selectable Range: 8, 80, 800 \u03bcm<br>Resolution: 1 nm \/ 50\u03bcm, 16 nm \/ 800\u03bcm<br>PC Connected\/Software: Yes (TIMESurf)<\/p>\n<\/div><\/div>\n\n\n\n<div class=\"wp-block-spacer\" style=\"height: 40px;\" aria-hidden=\"true\">\u00a0<\/div>\n\n\n\n<h3 class=\"wp-block-heading\"><span style=\"color: #0a5794;\">LW Scientific Z2 Trinocular Zoom Stereoscope<\/span><\/h3>\n\n\n\n<div class=\"wp-block-media-text is-stacked-on-mobile\" style=\"grid-template-columns:15% auto\"><figure class=\"wp-block-media-text__media\"><img loading=\"lazy\" decoding=\"async\" width=\"280\" height=\"280\" src=\"http:\/\/195.251.95.18\/triblab\/wp-content\/uploads\/2025\/04\/Stereo_scope.png\" alt=\"\" class=\"wp-image-550 size-full\"\/><\/figure><div class=\"wp-block-media-text__content\">\n<p>Magnification Range: 6.5X to 45X<br>Maximum Magnification: 225X<br>Interpupillary Distanse: 47 to 78 mm<br>Stand: Dual Light<br>Digital Microscopy Camera: Yes (Moticam 1000)<\/p>\n<\/div><\/div>\n\n\n\n<div class=\"wp-block-spacer\" style=\"height: 40px;\" aria-hidden=\"true\">\u00a0<\/div>\n\n\n\n<h3 class=\"wp-block-heading\"><span style=\"color: #0a5794;\">Meiji Techno ML7000 Metallurgical Microscope<\/span><\/h3>\n\n\n\n<div class=\"wp-block-media-text is-stacked-on-mobile\" style=\"grid-template-columns:15% auto\"><figure class=\"wp-block-media-text__media\"><img loading=\"lazy\" decoding=\"async\" width=\"375\" height=\"375\" src=\"http:\/\/195.251.95.18\/triblab\/wp-content\/uploads\/2025\/04\/metallurgical.png\" alt=\"\" class=\"wp-image-811 size-full\"\/><\/figure><div class=\"wp-block-media-text__content\">\n<p>Magnification Range: 4X to 100X<br>Maximum Magnification: 1000X<br>Interpupillary Distanse: 200 mm max.<br>Stand: Dual Light<br>Digital Microscopy Camera: Yes (Moticam 1000)<\/p>\n<\/div><\/div>\n\n\n\n<div class=\"wp-block-spacer\" style=\"height: 40px;\" aria-hidden=\"true\">\u00a0<\/div>\n\n\n\n<h3 class=\"wp-block-heading\"><span style=\"color: #0a5794;\">Moticam 1000 Digital Microscopy Camera<\/span><\/h3>\n\n\n\n<div class=\"wp-block-media-text is-stacked-on-mobile\" style=\"grid-template-columns:15% auto\"><figure class=\"wp-block-media-text__media\"><img loading=\"lazy\" decoding=\"async\" width=\"330\" height=\"330\" src=\"http:\/\/195.251.95.18\/triblab\/wp-content\/uploads\/2025\/04\/moticam.png\" alt=\"\" class=\"wp-image-824 size-full\"\/><\/figure><div class=\"wp-block-media-text__content\">\n<p>Image Resolution: 1280\u00d71024 pixels max.<br>Frame Rate: 10 fps min.<br>CMOS Chip: 1.3 Megapixels<br>Interface: USB 2.0 (plug &amp; play)<br>Application Software: Motic Images Plus<\/p>\n<\/div><\/div>\n\n\n\n<div class=\"wp-block-spacer\" style=\"height: 40px;\" aria-hidden=\"true\">\u00a0<\/div>\n\n\n\n<h3 class=\"wp-block-heading\"><span style=\"color: #0a5794;\">Precisa 4000 C Laboratory Precision Balance <\/span><\/h3>\n\n\n\n<div class=\"wp-block-media-text is-stacked-on-mobile\" style=\"grid-template-columns:15% auto\"><figure class=\"wp-block-media-text__media\"><img loading=\"lazy\" decoding=\"async\" width=\"310\" height=\"310\" src=\"http:\/\/195.251.95.18\/triblab\/wp-content\/uploads\/2025\/04\/scale.png\" alt=\"\" class=\"wp-image-810 size-full\"\/><\/figure><div class=\"wp-block-media-text__content\">\n<p>Weighing Capacity: 4000 gr max.<br>Readability &amp; Reproducibility: 0.01 gr<br>PC Connected: No<br>Software: No<br>&#8211;<\/p>\n<\/div><\/div>\n\n\n\n<div class=\"wp-block-spacer\" style=\"height: 40px;\" aria-hidden=\"true\">\u00a0<\/div>\n\n\n\n<div class=\"wp-block-group is-nowrap is-layout-flex wp-container-core-group-is-layout-ad2f72ca wp-block-group-is-layout-flex\">\n<h3 class=\"wp-block-heading\"><strong>iv. Auxilliary laboratory (Machinery-Welding-AM-RE) equipment<\/strong><\/h3>\n\n\n\n<div class=\"wp-block-spacer wp-container-content-b30579f5\" style=\"height: 50px; width: 0px;\" aria-hidden=\"true\">\u00a0<\/div>\n<\/div>\n\n\n\n<div class=\"wp-block-spacer\" style=\"height: 15px;\" aria-hidden=\"true\">\u00a0<\/div>\n\n\n\n<h3 class=\"wp-block-heading\"><span style=\"color: #0a5794;\">Machinery Equipment<\/span><\/h3>\n\n\n\n<div class=\"wp-block-media-text is-stacked-on-mobile\" style=\"grid-template-columns:15% auto\"><figure class=\"wp-block-media-text__media\"><img loading=\"lazy\" decoding=\"async\" width=\"300\" height=\"300\" src=\"http:\/\/195.251.95.18\/triblab\/wp-content\/uploads\/2025\/04\/machinery.png\" alt=\"\" class=\"wp-image-658 size-full\"\/><\/figure><div class=\"wp-block-media-text__content\">\n<p>Conventional Cutting Machines<br>Conventional Drilling-Turning-Milling Machines<br>Semi-automatic Surface Grinding Machine<br>OFW-MMA-GMAW\/FCAW-GTAW Machines<br>Oxy-Fuel &amp; Plasma Cutter Set<\/p>\n<\/div><\/div>\n\n\n\n<div class=\"wp-block-spacer\" style=\"height: 40px;\" aria-hidden=\"true\">\u00a0<\/div>\n\n\n\n<h3 class=\"wp-block-heading\"><span style=\"color: #0a5794;\">Additive Manufacturing (AM) &amp; Reverse Engineering (RE) Equipment<\/span><\/h3>\n\n\n\n<div class=\"wp-block-media-text is-stacked-on-mobile\" style=\"grid-template-columns:15% auto\"><figure class=\"wp-block-media-text__media\"><img loading=\"lazy\" decoding=\"async\" width=\"200\" height=\"200\" src=\"http:\/\/195.251.95.18\/triblab\/wp-content\/uploads\/2025\/04\/waam.png\" alt=\"\" class=\"wp-image-668 size-full\"\/><\/figure><div class=\"wp-block-media-text__content\">\n<p>3D Scanner: EinScan SE v2<br>RE Software: Geomagic Design X<br>3D Printer: Creality Ender-3 v3 <br>Slicing Software (Slicer): Simplify 3D<br>WAAM Gantry System<\/p>\n<\/div><\/div>\n\n\n\n<div class=\"wp-block-spacer\" style=\"height: 40px;\" aria-hidden=\"true\">\u00a0<\/div>\n\n\n\n<h3 class=\"wp-block-heading\"><span style=\"color: #0a5794;\">Wire Arc Additive Manufacturing (WAAM) Gantry System<\/span><\/h3>\n\n\n\n<div class=\"wp-block-media-text is-stacked-on-mobile\" style=\"grid-template-columns:15% auto\"><figure class=\"wp-block-media-text__media\"><img loading=\"lazy\" decoding=\"async\" width=\"450\" height=\"450\" src=\"http:\/\/195.251.95.18\/triblab\/wp-content\/uploads\/2025\/04\/gantry.png\" alt=\"\" class=\"wp-image-655 size-full\"\/><\/figure><div class=\"wp-block-media-text__content\">\n<p>External Dimensions: 2.2 x 2.2 x 0.8 m<br>Motors: 4 Stepper motors &amp; 1 Router\/Spindle<br>Stepping Driver: 4-axis LV8727T4V3 (with 5th axis extension)<br>Selectable Torches: GMAW\/FCAW, Plasma, Laser etc<br>System Controller: Artsoft Mach 3<\/p>\n<\/div><\/div>","protected":false},"excerpt":{"rendered":"<p>\u039f \u03b5\u03c1\u03b3\u03b1\u03c3\u03c4\u03b7\u03c1\u03b9\u03b1\u03ba\u03cc\u03c2 \u03b5\u03be\u03bf\u03c0\u03bb\u03b9\u03c3\u03bc\u03cc\u03c2 \u03c0\u03b5\u03c1\u03b9\u03bb\u03b1\u03bc\u03b2\u03ac\u03bd\u03b5\u03b9 \u03c3\u03cd\u03b3\u03c7\u03c1\u03bf\u03bd\u03b5\u03c2 \u03b4\u03b9\u03b1\u03c4\u03ac\u03be\u03b5\u03b9\u03c2, \u03bc\u03b7\u03c7\u03b1\u03bd\u03ae\u03bc\u03b1\u03c4\u03b1 \u03ba\u03b1\u03b9 \u03bb\u03bf\u03b3\u03b9\u03c3\u03bc\u03b9\u03ba\u03ac, \u03c0\u03bf\u03c5 \u03ba\u03b1\u03c4\u03b7\u03b3\u03bf\u03c1\u03b9\u03bf\u03c0\u03bf\u03b9\u03bf\u03cd\u03bd\u03c4\u03b1\u03b9 \u03c9\u03c2 \u03b5\u03be\u03ae\u03c2: i. \u0395\u03be\u03bf\u03c0\u03bb\u03b9\u03c3\u03bc\u03cc\u03c2 \u03b3\u03b9\u03b1 \u03c4\u03bf\u03bd \u03c0\u03c1\u03bf\u03c3\u03b4\u03b9\u03bf\u03c1\u03b9\u03c3\u03bc\u03cc \u03c4\u03c9\u03bd \u03c4\u03c1\u03b9\u03b2\u03bf\u03bb\u03bf\u03b3\u03b9\u03ba\u03ce\u03bd \u03b9\u03b4\u03b9\u03bf\u03c4\u03ae\u03c4\u03c9\u03bd (\u03c4\u03c1\u03b9\u03b2\u03ae \u03ba\u03b1\u03b9 \u03c6\u03b8\u03bf\u03c1\u03ac) \u03c5\u03bb\u03b9\u03ba\u03ce\u03bd, \u03c3\u03b5 \u03ad\u03bd\u03b1 \u03b5\u03c5\u03c1\u03cd \u03c6\u03ac\u03c3\u03bc\u03b1 \u03c3\u03c5\u03bd\u03b8\u03b7\u03ba\u03ce\u03bd CSM \u03a4\u03c1\u03b9\u03b2\u03cc\u03bc\u03b5\u03c4\u03c1\u03bf \u03c4\u03cd\u03c0\u03bf\u03c5 \u03c3\u03c6\u03b1\u03af\u03c1\u03b1\u03c2\/\u03c3\u03c4\u03c5\u03bb\u03af\u03c3\u03ba\u03bf\u03c5-\u03b4\u03af\u03c3\u03ba\u03bf\u03c5 \u0395\u03cd\u03c1\u03bf\u03c2 \u039a\u03ac\u03b8\u03b5\u03c4\u03b7\u03c2 \u03a6\u03cc\u03c1\u03c4\u03b9\u03c3\u03b7\u03c2: 1 \u03ad\u03c9\u03c2 10 N\u0391\u03bd\u03b1\u03c0\u03c4\u03c5\u03c3\u03c3\u03cc\u03bc\u03b5\u03bd\u03b7 \u03a4\u03c1\u03b9\u03b2\u03ae: 10 N \u03bc\u03b5\u03b3.\u03a4\u03b1\u03c7\u03cd\u03c4\u03b7\u03c4\u03b1 \u03a0\u03b5\u03c1\u03b9\u03c3\u03c4\u03c1\u03bf\u03c6\u03ae\u03c2: 600 rpm \u03bc\u03b5\u03b3.\u0393\u03c1\u03b1\u03bc\u03bc\u03b9\u03ba\u03ae \u03a4\u03b1\u03c7\u03cd\u03c4\u03b7\u03c4\u03b1: 100 mm\/s \u03bc\u03b5\u03b3.\u03a0\u03ac\u03c7\u03bf\u03c2 \u0394\u03bf\u03ba\u03b9\u03bc\u03af\u03bf\u03c5: 60 &hellip; <a href=\"http:\/\/triblab.mech.uniwa.gr\/triblab\/en\/equipment\/\">Continue reading <span class=\"meta-nav\">&rarr;<\/span><\/a><\/p>","protected":false},"author":1,"featured_media":0,"parent":0,"menu_order":0,"comment_status":"closed","ping_status":"closed","template":"","meta":{"footnotes":""},"class_list":["post-26","page","type-page","status-publish","hentry"],"_links":{"self":[{"href":"http:\/\/triblab.mech.uniwa.gr\/triblab\/en\/wp-json\/wp\/v2\/pages\/26","targetHints":{"allow":["GET"]}}],"collection":[{"href":"http:\/\/triblab.mech.uniwa.gr\/triblab\/en\/wp-json\/wp\/v2\/pages"}],"about":[{"href":"http:\/\/triblab.mech.uniwa.gr\/triblab\/en\/wp-json\/wp\/v2\/types\/page"}],"author":[{"embeddable":true,"href":"http:\/\/triblab.mech.uniwa.gr\/triblab\/en\/wp-json\/wp\/v2\/users\/1"}],"replies":[{"embeddable":true,"href":"http:\/\/triblab.mech.uniwa.gr\/triblab\/en\/wp-json\/wp\/v2\/comments?post=26"}],"version-history":[{"count":239,"href":"http:\/\/triblab.mech.uniwa.gr\/triblab\/en\/wp-json\/wp\/v2\/pages\/26\/revisions"}],"predecessor-version":[{"id":912,"href":"http:\/\/triblab.mech.uniwa.gr\/triblab\/en\/wp-json\/wp\/v2\/pages\/26\/revisions\/912"}],"wp:attachment":[{"href":"http:\/\/triblab.mech.uniwa.gr\/triblab\/en\/wp-json\/wp\/v2\/media?parent=26"}],"curies":[{"name":"wp","href":"https:\/\/api.w.org\/{rel}","templated":true}]}}